{"id":2053,"date":"2020-09-26T13:27:51","date_gmt":"2020-09-26T11:27:51","guid":{"rendered":"https:\/\/preprod.momentum.fr\/?page_id=2053"},"modified":"2020-10-11T07:20:02","modified_gmt":"2020-10-11T05:20:02","slug":"mentions-legales","status":"publish","type":"page","link":"https:\/\/momentum.fr\/index.php\/mentions-legales\/","title":{"rendered":"Mentions legales"},"content":{"rendered":"<p>[vc_row full_width=\u00a0\u00bbstretch_row_content_no_spaces\u00a0\u00bb][vc_column]<div id=\"sc_title_1612539972\"\n\t\tclass=\"sc_title color_style_default sc_title_default header-service  vc_custom_1601119959650\"><h3 class=\"sc_item_title sc_title_title sc_align_center sc_item_title_style_default\">Mentions l\u00e9gales<\/h3><\/div><!-- \/.sc_title -->[\/vc_column][\/vc_row][vc_row full_width=\u00a0\u00bbstretch_row\u00a0\u00bb css=\u00a0\u00bb.vc_custom_1598661705415{background-color: #0a466d !important;}\u00a0\u00bb][vc_column][vc_row_inner][vc_column_inner width=\u00a0\u00bb5\/6&Prime; offset=\u00a0\u00bbvc_col-md-offset-2 vc_col-md-8 vc_col-sm-offset-1&Prime;][vc_empty_space height=\u00a0\u00bb\u00a0\u00bb alter_height=\u00a0\u00bbmedium\u00a0\u00bb hide_on_mobile=\u00a0\u00bb\u00a0\u00bb][\/vc_column_inner][\/vc_row_inner][vc_empty_space height=\u00a0\u00bb\u00a0\u00bb alter_height=\u00a0\u00bbmedium\u00a0\u00bb hide_on_mobile=\u00a0\u00bb\u00a0\u00bb][\/vc_column][\/vc_row][vc_row][vc_column][vc_empty_space alter_height=\u00a0\u00bbmedium\u00a0\u00bb hide_on_mobile=\u00a0\u00bb\u00a0\u00bb][vc_column_text el_class=\u00a0\u00bbmentions\u00a0\u00bb]<\/p>\n<p style=\"font-weight: 400;\">Le pr\u00e9sent site est \u00e9dit\u00e9 par Momentum Group, SASU au capital de 10 000\u20ac, immatricul\u00e9e au registre du commerce et des soci\u00e9t\u00e9s de Paris sous le num\u00e9ro 824696918, dont le si\u00e8ge social est situ\u00e9 174 rue de Grenelle 75007 Paris.<\/p>\n<p>&nbsp;<\/p>\n<p style=\"font-weight: 400;\">L\u2019h\u00e9bergement du Site est assur\u00e9 par la soci\u00e9t\u00e9\u00a0OVH, 2 rue Kellermann, 59100 ROUBAIX<\/p>\n<p style=\"font-weight: 400;\">Le Directeur de la publication du Site est : Corinne Ley Charles.<\/p>\n<p>&nbsp;<\/p>\n<p style=\"font-weight: 400;\">Conform\u00e9ment \u00e0 la loi du 6 janvier 1978, vous disposez d\u2019un droit d\u2019acc\u00e8s et de rectification des donn\u00e9es personnelles vous concernant en vous adressant par courrier \u00e0 Momentum, 174, rue de Grenelle, 75007 Paris ou en utilisant le <a href=\"https:\/\/preprod.momentum.fr\/index.php\/contacts\/\">formulaire de contact<\/a>.<\/p>\n<p>&nbsp;<\/p>\n<p style=\"font-weight: 400;\">Toute information concernant notre soci\u00e9t\u00e9, de quelque nature que ce soit, se trouvant sur le r\u00e9seau Internet, en dehors de notre site, aura \u00e9t\u00e9 transmise sans notre autorisation et contr\u00f4le et ne saurait donc engager notre responsabilit\u00e9.<\/p>\n<p>&nbsp;<\/p>\n<p style=\"font-weight: 400;\">Toute utilisation non autoris\u00e9e de tout ou partie de ces droits par des tiers est susceptible de donner lieu \u00e0 des poursuites judiciaires.<\/p>\n<p>[\/vc_column_text][vc_empty_space hide_on_mobile=\u00a0\u00bb\u00a0\u00bb][\/vc_column][\/vc_row][vc_row][vc_column][vc_empty_space alter_height=\u00a0\u00bbmedium\u00a0\u00bb hide_on_mobile=\u00a0\u00bb\u00a0\u00bb][\/vc_column][\/vc_row]<\/p>\n","protected":false},"excerpt":{"rendered":"<p>[vc_row full_width=\u00a0\u00bbstretch_row_content_no_spaces\u00a0\u00bb][vc_column][\/vc_column][\/vc_row][vc_row full_width=\u00a0\u00bbstretch_row\u00a0\u00bb css=\u00a0\u00bb.vc_custom_1598661705415{background-color: #0a466d !important;}\u00a0\u00bb][vc_column][vc_row_inner][vc_column_inner width=\u00a0\u00bb5\/6&Prime; offset=\u00a0\u00bbvc_col-md-offset-2 vc_col-md-8 vc_col-sm-offset-1&Prime;][vc_empty_space height=\u00a0\u00bb\u00a0\u00bb alter_height=\u00a0\u00bbmedium\u00a0\u00bb hide_on_mobile=\u00a0\u00bb\u00a0\u00bb][\/vc_column_inner][\/vc_row_inner][vc_empty_space height=\u00a0\u00bb\u00a0\u00bb alter_height=\u00a0\u00bbmedium\u00a0\u00bb hide_on_mobile=\u00a0\u00bb\u00a0\u00bb][\/vc_column][\/vc_row][vc_row][vc_column][vc_empty_space alter_height=\u00a0\u00bbmedium\u00a0\u00bb hide_on_mobile=\u00a0\u00bb\u00a0\u00bb][vc_column_text el_class=\u00a0\u00bbmentions\u00a0\u00bb] Le pr\u00e9sent site est \u00e9dit\u00e9 par Momentum Group, SASU&hellip;<\/p>\n","protected":false},"author":1,"featured_media":0,"parent":0,"menu_order":0,"comment_status":"closed","ping_status":"closed","template":"","meta":[],"_links":{"self":[{"href":"https:\/\/momentum.fr\/index.php\/wp-json\/wp\/v2\/pages\/2053"}],"collection":[{"href":"https:\/\/momentum.fr\/index.php\/wp-json\/wp\/v2\/pages"}],"about":[{"href":"https:\/\/momentum.fr\/index.php\/wp-json\/wp\/v2\/types\/page"}],"author":[{"embeddable":true,"href":"https:\/\/momentum.fr\/index.php\/wp-json\/wp\/v2\/users\/1"}],"replies":[{"embeddable":true,"href":"https:\/\/momentum.fr\/index.php\/wp-json\/wp\/v2\/comments?post=2053"}],"version-history":[{"count":13,"href":"https:\/\/momentum.fr\/index.php\/wp-json\/wp\/v2\/pages\/2053\/revisions"}],"predecessor-version":[{"id":2195,"href":"https:\/\/momentum.fr\/index.php\/wp-json\/wp\/v2\/pages\/2053\/revisions\/2195"}],"wp:attachment":[{"href":"https:\/\/momentum.fr\/index.php\/wp-json\/wp\/v2\/media?parent=2053"}],"curies":[{"name":"wp","href":"https:\/\/api.w.org\/{rel}","templated":true}]}}