{"id":340,"date":"2017-05-25T13:50:02","date_gmt":"2017-05-25T11:50:02","guid":{"rendered":"http:\/\/preprod.momentum.fr\/?page_id=340"},"modified":"2020-11-29T19:01:22","modified_gmt":"2020-11-29T18:01:22","slug":"accueil","status":"publish","type":"page","link":"https:\/\/momentum.fr\/","title":{"rendered":"Accueil"},"content":{"rendered":"<p>[vc_row full_width=\u00a0\u00bbstretch_row\u00a0\u00bb css=\u00a0\u00bb.vc_custom_1497884064832{background-color: #ffffff !important;}\u00a0\u00bb][vc_column][rev_slider_vc alias=\u00a0\u00bbhome_2&Prime;][\/vc_column][\/vc_row][vc_row full_width=\u00a0\u00bbstretch_row\u00a0\u00bb equal_height=\u00a0\u00bbyes\u00a0\u00bb css=\u00a0\u00bb.vc_custom_1497624430343{background-image: url(http:\/\/preprod.momentum.fr\/wp-content\/uploads\/2017\/05\/section_bg_2.png?id=798) !important;background-position: center !important;background-repeat: no-repeat !important;background-size: cover !important;}\u00a0\u00bb][vc_column width=\u00a0\u00bb1\/2&Prime; css=\u00a0\u00bb.vc_custom_1497535458867{background-position: center !important;background-repeat: no-repeat !important;background-size: cover !important;}\u00a0\u00bb][vc_empty_space alter_height=\u00a0\u00bblarge\u00a0\u00bb hide_on_mobile=\u00a0\u00bb\u00a0\u00bb][vc_single_image image=\u00a0\u00bb1172&Prime; img_size=\u00a0\u00bbfull\u00a0\u00bb][\/vc_column][vc_column width=\u00a0\u00bb1\/2&Prime;][vc_row_inner][vc_column_inner width=\u00a0\u00bb5\/6&Prime; offset=\u00a0\u00bbvc_col-sm-offset-1&Prime;]<div id=\"sc_title_1053413676\"\n\t\tclass=\"sc_title color_style_default sc_title_s4\"><h6 class=\"sc_item_subtitle sc_title_subtitle sc_align_left sc_item_title_style_s4\">NOTRE MISSION<\/h6><h3 class=\"sc_item_title sc_title_title sc_align_left sc_item_title_style_s4\">Momentum accompagne les professionnels et les organisations dans leur \u00e9volution en misant sur le facteur humain.<\/h3><div class=\"sc_item_descr sc_title_descr sc_align_left sc_item_title_style_s4\"><p>A travers un coaching sur mesure, Momentum vous aide \u00e0 obtenir des r\u00e9sultats tangibles et \u00e0 concr\u00e9tiser vos ambitions.<\/p>\n<p>Notre vocation : analyser, renforcer et d\u00e9bloquer le potentiel de chacun pour d\u00e9velopper l\u2019envie, la confiance en soi, la coop\u00e9ration et l'implication.<\/p>\n<p>Vous souhaitez travailler une probl\u00e9matique individuelle ou collective ? Ax\u00e9 r\u00e9sultat, Momentum adapte son accompagnement \u00e0 chaque probl\u00e9matique et vous donne les cl\u00e9s pour r\u00e9pondre \u00e0 vos enjeux personnels et professionnels.<\/p>\n<\/div><div class=\"sc_item_button sc_item_button_default sc_title_button sc_align_left sc_button_wrap sc_align_left\"><a href=\"index.php\/a-propos\/\" id=\"sc_button_1729808604\" class=\"sc_button color_style_default sc_button_default sc_button_size_normal\"><span class=\"sc_button_text\"><span class=\"sc_button_title\">En savoir plus<\/span><\/span><!-- \/.sc_button_text --><\/a><!-- \/.sc_button --><\/div><!-- \/.sc_item_button sc_item_button_default sc_title_button sc_align_left --><\/div><!-- \/.sc_title -->[\/vc_column_inner][\/vc_row_inner][vc_empty_space height=\u00a0\u00bb3.6rem\u00a0\u00bb alter_height=\u00a0\u00bbnone\u00a0\u00bb hide_on_mobile=\u00a0\u00bb\u00a0\u00bb][\/vc_column][\/vc_row][vc_row full_width=\u00a0\u00bbstretch_row\u00a0\u00bb scheme=\u00a0\u00bbdark\u00a0\u00bb css=\u00a0\u00bb.vc_custom_1595128504682{background-color: #007f94 !important;background-position: center !important;background-repeat: no-repeat !important;background-size: cover !important;}\u00a0\u00bb][vc_column offset=\u00a0\u00bbvc_col-md-offset-0&Prime;][vc_empty_space height=\u00a0\u00bb5.55rem\u00a0\u00bb alter_height=\u00a0\u00bbnone\u00a0\u00bb hide_on_mobile=\u00a0\u00bb\u00a0\u00bb]<div id=\"sc_title_298296771\"\n\t\tclass=\"sc_title color_style_link2 sc_title_style_2\"><h6 class=\"sc_item_subtitle sc_title_subtitle sc_align_left sc_item_title_style_style_2\">POUR QUI ?<\/h6><h3 class=\"sc_item_title sc_title_title sc_align_left sc_item_title_style_style_2\">Vous souhaitez travailler une probl\u00e9matique individuelle ou collective ?<\/h3><div class=\"sc_item_descr sc_title_descr sc_align_left sc_item_title_style_style_2\"><p>Que vous soyez associ\u00e9.e d\u2019une PME, directeur.trice d\u2019un grand groupe, entrepreneur.e<br \/>\nou manager, vous \u00eates porteur d\u2019un projet : avec nous, trouvez l\u2019impulsion pour en devenir acteur.<\/p>\n<\/div><\/div><!-- \/.sc_title -->[vc_empty_space height=\u00a0\u00bb4.4rem\u00a0\u00bb alter_height=\u00a0\u00bbnone\u00a0\u00bb hide_on_mobile=\u00a0\u00bb\u00a0\u00bb][\/vc_column][\/vc_row][vc_row full_width=\u00a0\u00bbstretch_row\u00a0\u00bb css=\u00a0\u00bb.vc_custom_1497533614497{background-color: #ffffff !important;}\u00a0\u00bb][vc_column][vc_single_image image=\u00a0\u00bb1265&Prime; img_size=\u00a0\u00bbmedium\u00a0\u00bb alignment=\u00a0\u00bbcenter\u00a0\u00bb]<div id=\"sc_title_1322825004\"\n\t\tclass=\"sc_title color_style_default sc_title_default\"><h6 class=\"sc_item_subtitle sc_title_subtitle sc_align_center sc_item_title_style_default\">SERVICES<\/h6><h3 class=\"sc_item_title sc_title_title sc_align_center sc_item_title_style_default\">Des services sur mesure pour vous aider dans votre probl\u00e9matique. Momentum vous aide \u00e0 obtenir des r\u00e9sultats concrets dans votre quotidien<br \/>\npour construire votre futur.<\/h3><\/div><!-- \/.sc_title -->[vc_empty_space alter_height=\u00a0\u00bbsmall\u00a0\u00bb hide_on_mobile=\u00a0\u00bb\u00a0\u00bb][\/vc_column][\/vc_row][vc_row full_width=\u00a0\u00bbstretch_row\u00a0\u00bb css=\u00a0\u00bb.vc_custom_1598741415754{background-color: #ffffff !important;}\u00a0\u00bb el_class=\u00a0\u00bbservice-home\u00a0\u00bb][vc_column width=\u00a0\u00bb1\/3&Prime;][vc_single_image image=\u00a0\u00bb1398&Prime; img_size=\u00a0\u00bb\u00a0\u00bb alignment=\u00a0\u00bbcenter\u00a0\u00bb]<div id=\"sc_title_707428536\"\n\t\tclass=\"sc_title color_style_default sc_title_default serv-home\"><h3 class=\"sc_item_title sc_title_title sc_align_center sc_item_title_style_default\">Diagnostic & mise au point<\/h3><div class=\"sc_item_descr sc_title_descr sc_align_center sc_item_title_style_default\"><p>Prenez le temps de faire un \u00e9tat des lieux et osez affirmer vos ambitions. Identifiez vos ressources et se projeter dans l\u2019avenir pour d\u00e9finir ses priorit\u00e9s.<\/p>\n<\/div><\/div><!-- \/.sc_title -->[\/vc_column][vc_column width=\u00a0\u00bb1\/3&Prime;][vc_single_image image=\u00a0\u00bb1399&Prime; img_size=\u00a0\u00bb\u00a0\u00bb alignment=\u00a0\u00bbcenter\u00a0\u00bb]<div id=\"sc_title_353051026\"\n\t\tclass=\"sc_title color_style_default sc_title_default serv-home\"><h3 class=\"sc_item_title sc_title_title sc_align_center sc_item_title_style_default\">La question du leadership<\/h3><div class=\"sc_item_descr sc_title_descr sc_align_center sc_item_title_style_default\"><p>Comment assumer et incarner son leadership avec s\u00e9r\u00e9nit\u00e9 ? A partir d\u2019un ou plusieurs r\u00e9sultats de performance, Momentum vous accompagne dans la r\u00e9ussite de vos projets.<\/p>\n<\/div><\/div><!-- \/.sc_title -->[\/vc_column][vc_column width=\u00a0\u00bb1\/3&Prime;][vc_single_image image=\u00a0\u00bb1400&Prime; img_size=\u00a0\u00bb\u00a0\u00bb alignment=\u00a0\u00bbcenter\u00a0\u00bb]<div id=\"sc_title_1600093009\"\n\t\tclass=\"sc_title color_style_default sc_title_default serv-home\"><h3 class=\"sc_item_title sc_title_title sc_align_center sc_item_title_style_default\">Transmission et enseignement<\/h3><div class=\"sc_item_descr sc_title_descr sc_align_center sc_item_title_style_default\"><p>Par le biais d\u2019ateliers et de conf\u00e9rences, nous vous donnons les clefs pour d\u00e9velopper votre intelligence \u00e9motionnelle, sociale et relationnelle.<\/p>\n<\/div><\/div><!-- \/.sc_title -->[\/vc_column][\/vc_row][vc_row full_width=\u00a0\u00bbstretch_row_content_no_spaces\u00a0\u00bb css=\u00a0\u00bb.vc_custom_1598759838408{background-color: #ffffff !important;}\u00a0\u00bb][vc_column][vc_empty_space alter_height=\u00a0\u00bbmedium\u00a0\u00bb hide_on_mobile=\u00a0\u00bb\u00a0\u00bb]<div class=\"sc_item_button sc_button_wrap sc_align_center\"><a href=\"\/index.php\/nos-services-en-individuel\/\" id=\"sc_button_1008977026\" class=\"sc_button color_style_link2 sc_button_default sc_button_size_normal\"><span class=\"sc_button_text\"><span class=\"sc_button_title\">VOIR TOUS LES SERVICES<\/span><\/span><!-- \/.sc_button_text --><\/a><!-- \/.sc_button --><\/div><!-- \/.sc_item_button -->[\/vc_column][vc_column][vc_empty_space alter_height=\u00a0\u00bbmedium\u00a0\u00bb hide_on_mobile=\u00a0\u00bb\u00a0\u00bb][\/vc_column][\/vc_row][vc_row full_width=\u00a0\u00bbstretch_row\u00a0\u00bb css=\u00a0\u00bb.vc_custom_1599177220962{background-color: #0a466d !important;}\u00a0\u00bb][vc_column el_class=\u00a0\u00bbtitre-temoin\u00a0\u00bb][vc_empty_space alter_height=\u00a0\u00bbsmall\u00a0\u00bb hide_on_mobile=\u00a0\u00bb\u00a0\u00bb]<div id=\"sc_title_681800570\"\n\t\tclass=\"sc_title color_style_default sc_title_default\"><h6 class=\"sc_item_subtitle sc_title_subtitle sc_align_center sc_item_title_style_default\">Nos clients t\u00e9moignent<\/h6><h3 class=\"sc_item_title sc_title_title sc_align_center sc_item_title_style_default\">Enjeu du coaching :<\/h3><\/div><!-- \/.sc_title -->[vc_empty_space alter_height=\u00a0\u00bbsmall\u00a0\u00bb hide_on_mobile=\u00a0\u00bb\u00a0\u00bb][vc_tta_accordion style=\u00a0\u00bbflat\u00a0\u00bb c_align=\u00a0\u00bbcenter\u00a0\u00bb active_section=\u00a0\u00bb0&Prime; no_fill=\u00a0\u00bbtrue\u00a0\u00bb collapsible_all=\u00a0\u00bbtrue\u00a0\u00bb el_class=\u00a0\u00bbtemoignages\u00a0\u00bb][vc_tta_section title=\u00a0\u00bbFaire grandir ses \u00e9quipes dans un contexte de croissance\u00a0\u00bb tab_id=\u00a0\u00bb1599176773826-c5862626-71df\u00a0\u00bb][vc_raw_html]JTNDZGl2JTIwY2xhc3MlM0QlMjJ0ZW1vaW5pdGVtJTIyJTNFJTBBJTNDcCUzRSVDMiVBQiUyMENlJTIwcXVpJTIwYSUyMCVDMyVBOXQlQzMlQTklMjBkJUMzJUE5dGVybWluYW50JTJDJTIwYyVFMiU4MCU5OWVzdCUyMHF1JUUyJTgwJTk5ZWxsZSUyMG4lRTIlODAlOTlhJTIwcGFzJTIwYXglQzMlQTklMjBzb24lMjBpbnRlcnZlbnRpb24lMjBzb3VzJTIwbCVFMiU4MCU5OWFuZ2xlJTIwZGUlMjBsJUUyJTgwJTk5b3JnYW5pc2F0aW9uJTIwZHUlMjB0cmF2YWlsJTIwb3UlMjBkZXMlMjBtJUMzJUE5dGhvZGVzLiUyMEVsbGUlMjBlc3QlMjBhbGwlQzMlQTllJTIwciVDMyVBOWVsbGVtZW50JTIwZW4lMjBwcm9mb25kZXVyJTJDJTIwZW4lMjBwYXJ0YW50JTIwZGUlMjBsYSUyMHNpbmd1bGFyaXQlQzMlQTklMjBsaXJlJTIwcGx1cyUyMC4uLiUyMCUyMCUzQ2ElMjBocmVmJTNEJTIyaW5kZXgucGhwJTJGdGVtb2lnbmFnZXMlMkYlMjIlM0VsaXJlJTIwcGx1cyUzQ2ElM0UlQzIlQkIlM0NiciUzRSUwQSUzQ3N0cm9uZyUyMHN0eWxlJTNEJTIyY29sb3IlM0ElMjNlN2M3NGYlM0IlMjBmb250LXNpemUlM0ExOHB4JTNCJTIyJTNFJTBBTWljaGVsJTIwTS4lMjBGb25kYXRldXIlMjBkJUUyJTgwJTk5dW4lMjBjYWJpbmV0JTIwZGUlMjBjb25zZWlsJTIwZW4lMjBtYW5hZ2VtZW50JTJDJTNDJTJGc3Ryb25nJTNFJTNDJTJGcCUzRSUwQSUzQyUyRmRpdiUzRQ==[\/vc_raw_html][\/vc_tta_section][vc_tta_section title=\u00a0\u00bbPromotion, un soutien pour mieux vivre et exercer mon nouveau r\u00f4le\u00a0\u00bb tab_id=\u00a0\u00bb1599176773826-bfc26229-2f05&Prime;][vc_raw_html]JTNDZGl2JTIwY2xhc3MlM0QlMjJ0ZW1vaW5pdGVtJTIyJTNFJTBBJTNDcCUzRSVDMiVBQiUyMENvcmlubmUlMjBzYWl0JTIwYWx0ZXJuZXIlMjBsZXMlMjBleGVyY2ljZXMlMjB0ciVDMyVBOHMlMjBwcmF0aXF1ZXMlMjBldCUyMGxlcyUyMG1vbWVudHMlMjBkZSUyMGRpYWxvZ3VlcyUyMHF1aSUyMHJlbCVDMyVBOHZlbnQlMjBkYXZhbnRhZ2UlMjBkZSUyMGwlRTIlODAlOTlhbmFseXNlJTIwZXQlMjBkZSUyMGxhJTIwciVDMyVBOWZsZXhpb24lRTIlODAlQTYuJTIwJTNDYSUyMGhyZWYlM0QlMjJpbmRleC5waHAlMkZ0ZW1vaWduYWdlcyUyRiUyMiUzRWxpcmUlMjBwbHVzJTNDYSUzRSUyMCVDMiVCQiUzQ2JyJTNFJTBBJTNDc3Ryb25nJTIwc3R5bGUlM0QlMjJjb2xvciUzQSUyM2U3Yzc0ZiUzQiUyMGZvbnQtc2l6ZSUzQTE4cHglM0IlMjIlM0VKLiUyMEYuJTIwQ2FkcmUlMjBkaXJpZ2VhbnQlMjBkdSUyMHNlY3RldXIlMjBqdXJpZGlxdWUlM0MlMkZzdHJvbmclM0UlM0MlMkZwJTNFJTBBJTNDJTJGZGl2JTNF[\/vc_raw_html][\/vc_tta_section][vc_tta_section title=\u00a0\u00bbGagner en autonomie et en influence\u00a0\u00bb tab_id=\u00a0\u00bb1599179449369-cebc7353-481d\u00a0\u00bb][vc_raw_html]JTNDZGl2JTIwY2xhc3MlM0QlMjJ0ZW1vaW5pdGVtJTIyJTNFJTBBJTNDcCUzRSVDMiVBQkNlbGElMjBtJUUyJTgwJTk5YSUyMHZyYWltZW50JTIwYWlkJUMzJUE5ZSUyMCVDMyVBMCUyMHByZW5kcmUlMjBkZSUyMGxhJTIwaGF1dGV1ciUyMGV0JTIwJUMzJUEwJTIwYWZmaXJtZXIlMjBtb24lMjBwb3NpdGlvbm5lbWVudCVFMiU4MCVBNi4lM0NhJTIwaHJlZiUzRCUyMmluZGV4LnBocCUyRnRlbW9pZ25hZ2VzJTJGJTIyJTNFbGlyZSUyMHBsdXMlM0NhJTNFJTIwJUMyJUJCJTNDYnIlM0UlMEElM0NzdHJvbmclMjBzdHlsZSUzRCUyMmNvbG9yJTNBJTIzZTdjNzRmJTNCJTIwZm9udC1zaXplJTNBMThweCUzQiUyMiUzRVYlQzMlQTlyb25pcXVlJTIwUy4lMjBEaXJlY3RyaWNlJTIwbWFya2V0aW5nJTIwJTI2JTIwY29tbXVuaWNhdGlvbiUyQyUzQyUyRnN0cm9uZyUzRSUzQyUyRnAlM0UlMEElM0MlMkZkaXYlM0U=[\/vc_raw_html][\/vc_tta_section][vc_tta_section title=\u00a0\u00bbCr\u00e9ation d\u2019une nouvelle organisation et diriger avec authenticit\u00e9\u00a0\u00bb tab_id=\u00a0\u00bb1599179456432-c62d7c10-71c2&Prime;][vc_raw_html]JTNDZGl2JTIwY2xhc3MlM0QlMjJ0ZW1vaW5pdGVtJTIyJTNFJTBBJTNDcCUzRSVDMiVBQkxhJTIwcHJlbWklQzMlQThyZSUyMGNob3NlJTIwcXVpJTIwcmVzc29ydCUyMGFwciVDMyVBOHMlMjB1bmUlMjBzZXNzaW9uJTIwYXZlYyUyMENvcmlubmUlMkMlMjBjJUUyJTgwJTk5ZXN0JTIwbGElMjBmYSVDMyVBN29uJTIwZG9udCUyMG9uJTIwcHJvZ3Jlc3NlJTIwZGFucyUyMGxhJTIwY29ubmFpc3NhbmNlJTIwZGUlMjBzb2klRTIlODAlQTYlMjAlM0NhJTIwaHJlZiUzRCUyMmluZGV4LnBocCUyRnRlbW9pZ25hZ2VzJTJGJTIyJTNFbGlyZSUyMHBsdXMlM0NhJTNFJTIwJUMyJUJCJTNDYnIlM0UlMEElM0NzdHJvbmclMjBzdHlsZSUzRCUyMmNvbG9yJTNBJTIzZTdjNzRmJTNCJTIwZm9udC1zaXplJTNBMThweCUzQiUyMiUzRU1hcmlvbiUyMEQuJTJDJTIwRGlyZWN0cmljZSUyMEV2ZW50JTNDJTJGc3Ryb25nJTNFJTNDJTJGcCUzRSUwQSUzQyUyRmRpdiUzRQ==[\/vc_raw_html][\/vc_tta_section][\/vc_tta_accordion]<div class=\"sc_item_button sc_button_wrap sc_align_center\"><a href=\"index.php\/temoignages\/\" id=\"sc_button_131932554\" class=\"sc_button color_style_link2 sc_button_default bt-temoin sc_button_size_normal\"><span class=\"sc_button_text\"><span class=\"sc_button_title\">Voir tous les t\u00e9moignages<\/span><\/span><!-- \/.sc_button_text --><\/a><!-- \/.sc_button --><\/div><!-- \/.sc_item_button -->[vc_empty_space alter_height=\u00a0\u00bbmedium\u00a0\u00bb hide_on_mobile=\u00a0\u00bb\u00a0\u00bb][\/vc_column][\/vc_row][vc_row el_class=\u00a0\u00bbpartenaires\u00a0\u00bb][vc_column][vc_empty_space alter_height=\u00a0\u00bbmedium\u00a0\u00bb hide_on_mobile=\u00a0\u00bb\u00a0\u00bb][vc_empty_space alter_height=\u00a0\u00bbsmall\u00a0\u00bb hide_on_mobile=\u00a0\u00bb\u00a0\u00bb]<div id=\"sc_title_165569997\"\n\t\tclass=\"sc_title color_style_default sc_title_default partenaires\"><h3 class=\"sc_item_title sc_title_title sc_align_center sc_item_title_style_default\">ILS NOUS FONT CONFIANCE<\/h3><\/div><!-- \/.sc_title -->[\/vc_column][vc_column][vc_empty_space alter_height=\u00a0\u00bbsmall\u00a0\u00bb hide_on_mobile=\u00a0\u00bb\u00a0\u00bb]<div id=\"widget_slider_500315235\" class=\"widget_area sc_widget_slider vc_widget_slider wpb_content_element\"><aside id=\"widget_slider_500315235_widget\" class=\"widget widget_slider\">\t\t\t<div class=\"slider_wrap slider_engine_swiper\">\n\t\t\t\t<div id=\"widget_slider_500315235_outer\" class=\"slider_swiper_outer slider_style_default slider_outer_direction_horizontal slider_outer_controls slider_outer_controls_side slider_outer_nopagination slider_outer_titles_center slider_outer_multi\"><div id=\"widget_slider_500315235_swiper\" class=\"slider_swiper swiper-slider-container slider_direction_horizontal slider_controls slider_controls_side slider_nopagination slider_titles_center slider_multi slider_noresize slider_height_auto slider_type_images\" data-ratio=\"16:9\" data-interval=\"7000\" data-effect=\"slide\" data-pagination=\"bullets\" data-direction=\"horizontal\" data-slides-per-view=\"6\" data-slides-space=\"0\">\n\t\t\t\t\t\t<div class=\"swiper-wrapper\"><div  class=\"swiper-slide\" data-image=\"https:\/\/momentum.fr\/wp-content\/uploads\/2020\/09\/partenaire-1.jpg\" style=\"\"><img src=\"https:\/\/momentum.fr\/wp-content\/uploads\/2020\/09\/partenaire-1.jpg\" alt=\"\"><\/div><div  class=\"swiper-slide\" data-image=\"https:\/\/momentum.fr\/wp-content\/uploads\/2020\/09\/partenaire-2.jpg\" style=\"\"><img src=\"https:\/\/momentum.fr\/wp-content\/uploads\/2020\/09\/partenaire-2.jpg\" alt=\"\"><\/div><div  class=\"swiper-slide\" data-image=\"https:\/\/momentum.fr\/wp-content\/uploads\/2020\/09\/partenaire-3.jpg\" style=\"\"><img src=\"https:\/\/momentum.fr\/wp-content\/uploads\/2020\/09\/partenaire-3.jpg\" alt=\"\"><\/div><div  class=\"swiper-slide\" data-image=\"https:\/\/momentum.fr\/wp-content\/uploads\/2020\/09\/partenaire-4.jpg\" style=\"\"><img src=\"https:\/\/momentum.fr\/wp-content\/uploads\/2020\/09\/partenaire-4.jpg\" alt=\"\"><\/div><div  class=\"swiper-slide\" data-image=\"https:\/\/momentum.fr\/wp-content\/uploads\/2020\/09\/partenaire-5.jpg\" style=\"\"><img src=\"https:\/\/momentum.fr\/wp-content\/uploads\/2020\/09\/partenaire-5.jpg\" alt=\"\"><\/div><div  class=\"swiper-slide\" data-image=\"https:\/\/momentum.fr\/wp-content\/uploads\/2020\/09\/partenaire-6.jpg\" style=\"\"><img src=\"https:\/\/momentum.fr\/wp-content\/uploads\/2020\/09\/partenaire-6.jpg\" alt=\"\"><\/div><div  class=\"swiper-slide\" data-image=\"https:\/\/momentum.fr\/wp-content\/uploads\/2020\/09\/partenaire-7.jpg\" style=\"\"><img src=\"https:\/\/momentum.fr\/wp-content\/uploads\/2020\/09\/partenaire-7.jpg\" alt=\"\"><\/div><div  class=\"swiper-slide\" data-image=\"https:\/\/momentum.fr\/wp-content\/uploads\/2020\/09\/partenaire-8.jpg\" style=\"\"><img src=\"https:\/\/momentum.fr\/wp-content\/uploads\/2020\/09\/partenaire-8.jpg\" alt=\"\"><\/div><div  class=\"swiper-slide\" data-image=\"https:\/\/momentum.fr\/wp-content\/uploads\/2020\/09\/partenaire-9.jpg\" style=\"\"><img src=\"https:\/\/momentum.fr\/wp-content\/uploads\/2020\/09\/partenaire-9.jpg\" alt=\"\"><\/div><\/div><!-- \/.swiper-wripper --><div class=\"slider_controls_wrap\"><a class=\"slider_prev swiper-button-prev\" href=\"#\"><\/a><a class=\"slider_next swiper-button-next\" href=\"#\"><\/a><\/div><\/div><!-- \/.slider_swiper --><\/div><!-- \/.slider_swiper_outer -->\t\t\t<\/div>\n\t\t\t<\/aside><\/div>[vc_empty_space alter_height=\u00a0\u00bblarge\u00a0\u00bb hide_on_mobile=\u00a0\u00bb\u00a0\u00bb][\/vc_column][\/vc_row][vc_row full_width=\u00a0\u00bbstretch_row_content_no_spaces\u00a0\u00bb el_class=\u00a0\u00bbgaleryhome\u00a0\u00bb][vc_column width=\u00a0\u00bb1\/5&Prime; el_class=\u00a0\u00bbgaleryhome\u00a0\u00bb offset=\u00a0\u00bbvc_hidden-xs\u00a0\u00bb][vc_single_image image=\u00a0\u00bb1303&Prime; img_size=\u00a0\u00bbfull\u00a0\u00bb alignment=\u00a0\u00bbcenter\u00a0\u00bb][vc_single_image image=\u00a0\u00bb1310&Prime; img_size=\u00a0\u00bblarge\u00a0\u00bb alignment=\u00a0\u00bbcenter\u00a0\u00bb][\/vc_column][vc_column width=\u00a0\u00bb1\/5&Prime;][vc_single_image image=\u00a0\u00bb1306&Prime; img_size=\u00a0\u00bbfull\u00a0\u00bb alignment=\u00a0\u00bbcenter\u00a0\u00bb][vc_single_image image=\u00a0\u00bb1311&Prime; img_size=\u00a0\u00bbfull\u00a0\u00bb alignment=\u00a0\u00bbcenter\u00a0\u00bb][\/vc_column][vc_column width=\u00a0\u00bb1\/5&Prime;][vc_single_image image=\u00a0\u00bb1307&Prime; img_size=\u00a0\u00bbfull\u00a0\u00bb alignment=\u00a0\u00bbcenter\u00a0\u00bb][vc_single_image image=\u00a0\u00bb1312&Prime; img_size=\u00a0\u00bbfull\u00a0\u00bb alignment=\u00a0\u00bbcenter\u00a0\u00bb][\/vc_column][vc_column width=\u00a0\u00bb1\/5&Prime;][vc_single_image image=\u00a0\u00bb1308&Prime; img_size=\u00a0\u00bbfull\u00a0\u00bb alignment=\u00a0\u00bbcenter\u00a0\u00bb][vc_single_image image=\u00a0\u00bb1313&Prime; img_size=\u00a0\u00bbfull\u00a0\u00bb alignment=\u00a0\u00bbcenter\u00a0\u00bb][\/vc_column][vc_column width=\u00a0\u00bb1\/5&Prime;][vc_single_image image=\u00a0\u00bb1309&Prime; img_size=\u00a0\u00bbfull\u00a0\u00bb alignment=\u00a0\u00bbcenter\u00a0\u00bb][vc_single_image image=\u00a0\u00bb1314&Prime; img_size=\u00a0\u00bbfull\u00a0\u00bb alignment=\u00a0\u00bbcenter\u00a0\u00bb][\/vc_column][\/vc_row]<\/p>\n","protected":false},"excerpt":{"rendered":"<p>[vc_row full_width=\u00a0\u00bbstretch_row\u00a0\u00bb css=\u00a0\u00bb.vc_custom_1497884064832{background-color: #ffffff !important;}\u00a0\u00bb][vc_column][rev_slider_vc alias=\u00a0\u00bbhome_2&Prime;][\/vc_column][\/vc_row][vc_row full_width=\u00a0\u00bbstretch_row\u00a0\u00bb equal_height=\u00a0\u00bbyes\u00a0\u00bb css=\u00a0\u00bb.vc_custom_1497624430343{background-image: url(http:\/\/preprod.momentum.fr\/wp-content\/uploads\/2017\/05\/section_bg_2.png?id=798) !important;background-position: center !important;background-repeat: no-repeat !important;background-size: cover !important;}\u00a0\u00bb][vc_column width=\u00a0\u00bb1\/2&Prime; css=\u00a0\u00bb.vc_custom_1497535458867{background-position: center !important;background-repeat: no-repeat !important;background-size: cover !important;}\u00a0\u00bb][vc_empty_space alter_height=\u00a0\u00bblarge\u00a0\u00bb hide_on_mobile=\u00a0\u00bb\u00a0\u00bb][vc_single_image image=\u00a0\u00bb1172&Prime;&hellip;<\/p>\n","protected":false},"author":1,"featured_media":0,"parent":0,"menu_order":0,"comment_status":"closed","ping_status":"closed","template":"","meta":[],"_links":{"self":[{"href":"https:\/\/momentum.fr\/index.php\/wp-json\/wp\/v2\/pages\/340"}],"collection":[{"href":"https:\/\/momentum.fr\/index.php\/wp-json\/wp\/v2\/pages"}],"about":[{"href":"https:\/\/momentum.fr\/index.php\/wp-json\/wp\/v2\/types\/page"}],"author":[{"embeddable":true,"href":"https:\/\/momentum.fr\/index.php\/wp-json\/wp\/v2\/users\/1"}],"replies":[{"embeddable":true,"href":"https:\/\/momentum.fr\/index.php\/wp-json\/wp\/v2\/comments?post=340"}],"version-history":[{"count":154,"href":"https:\/\/momentum.fr\/index.php\/wp-json\/wp\/v2\/pages\/340\/revisions"}],"predecessor-version":[{"id":2496,"href":"https:\/\/momentum.fr\/index.php\/wp-json\/wp\/v2\/pages\/340\/revisions\/2496"}],"wp:attachment":[{"href":"https:\/\/momentum.fr\/index.php\/wp-json\/wp\/v2\/media?parent=340"}],"curies":[{"name":"wp","href":"https:\/\/api.w.org\/{rel}","templated":true}]}}